{"id":422,"date":"2024-02-01T08:58:03","date_gmt":"2024-02-01T08:58:03","guid":{"rendered":"http:\/\/www.kivikkolanelainpalvelut.fi\/?post_type=product&#038;p=422"},"modified":"2025-02-17T10:39:16","modified_gmt":"2025-02-17T10:39:16","slug":"rekiretki-tilalla","status":"publish","type":"product","link":"https:\/\/www.kivikkolanelainpalvelut.fi\/en\/product\/rekiretki-tilalla\/","title":{"rendered":"Rekiretki tilalla"},"content":{"rendered":"<div>El\u00e4mysretkell\u00e4 rekihevoseen tutustutaan yksil\u00f6n\u00e4 sek\u00e4 sen luonteenpiirteisiin. K<span style=\"font-size: 16px;\">\u00e4yd\u00e4\u00e4n ajelulla puisella kirkkoreell\u00e4 v\u00e4llyjen alla Kivikkolan tilan maalaismaisemissa pellolla tai mets\u00e4tiell\u00e4.\u00a0Rekiretken kesto noin 30 minuutta, jonka j\u00e4lkeen sy\u00f6tet\u00e4\u00e4n hevoselle palkaksi porkkanaa tai leip\u00e4\u00e4 ja nautiskellaan kuumaa mehua tai kahvia Kivikkolan Maneesin l\u00e4mpim\u00e4ss\u00e4 toimistossa tai ulkona.\u00a0Saatavilla joulu-huhtikuun v\u00e4lisen\u00e4 aikana ja tuotteella on s\u00e4\u00e4varaus, eli varmistettava lumitilanne. Pakkasraja -20C<\/span><\/div>\n<div><\/div>\n<div><\/div>","protected":false},"excerpt":{"rendered":"<p>K\u00e4yd\u00e4\u00e4n ajelulla puisella kirkkoreell\u00e4 v\u00e4llyjen alla Kivikkolan tilan maalaismaisemissa pellolla tai mets\u00e4tiell\u00e4. Rekiretken kesto noin 30&#8230;<\/p>","protected":false},"featured_media":407,"template":"","meta":{"_acf_changed":false,"site-sidebar-layout":"default","site-content-layout":"","ast-site-content-layout":"default","site-content-style":"default","site-sidebar-style":"default","ast-global-header-display":"","ast-banner-title-visibility":"","ast-main-header-display":"","ast-hfb-above-header-display":"","ast-hfb-below-header-display":"","ast-hfb-mobile-header-display":"","site-post-title":"","ast-breadcrumbs-content":"","ast-featured-img":"","footer-sml-layout":"","ast-disable-related-posts":"","theme-transparent-header-meta":"default","adv-header-id-meta":"","stick-header-meta":"","header-above-stick-meta":"","header-main-stick-meta":"","header-below-stick-meta":"","astra-migrate-meta-layouts":"set","ast-page-background-enabled":"default","ast-page-background-meta":{"desktop":{"background-color":"var(--ast-global-color-4)","background-image":"","background-repeat":"repeat","background-position":"center center","background-size":"auto","background-attachment":"scroll","background-type":"","background-media":"","overlay-type":"","overlay-color":"","overlay-opacity":"","overlay-gradient":""},"tablet":{"background-color":"","background-image":"","background-repeat":"repeat","background-position":"center center","background-size":"auto","background-attachment":"scroll","background-type":"","background-media":"","overlay-type":"","overlay-color":"","overlay-opacity":"","overlay-gradient":""},"mobile":{"background-color":"","background-image":"","background-repeat":"repeat","background-position":"center center","background-size":"auto","background-attachment":"scroll","background-type":"","background-media":"","overlay-type":"","overlay-color":"","overlay-opacity":"","overlay-gradient":""}},"ast-content-background-meta":{"desktop":{"background-color":"var(--ast-global-color-5)","background-image":"","background-repeat":"repeat","background-position":"center center","background-size":"auto","background-attachment":"scroll","background-type":"","background-media":"","overlay-type":"","overlay-color":"","overlay-opacity":"","overlay-gradient":""},"tablet":{"background-color":"var(--ast-global-color-5)","background-image":"","background-repeat":"repeat","background-position":"center center","background-size":"auto","background-attachment":"scroll","background-type":"","background-media":"","overlay-type":"","overlay-color":"","overlay-opacity":"","overlay-gradient":""},"mobile":{"background-color":"var(--ast-global-color-5)","background-image":"","background-repeat":"repeat","background-position":"center center","background-size":"auto","background-attachment":"scroll","background-type":"","background-media":"","overlay-type":"","overlay-color":"","overlay-opacity":"","overlay-gradient":""}}},"product_brand":[],"product_cat":[32,22],"product_tag":[],"class_list":{"0":"post-422","1":"product","2":"type-product","3":"status-publish","4":"has-post-thumbnail","6":"product_cat-hevospalvelut","7":"product_cat-kaikki-palvelut","8":"tm-has-options","9":"desktop-align-left","10":"tablet-align-left","11":"mobile-align-left","13":"first","14":"instock","15":"shipping-taxable","16":"purchasable","17":"product-type-simple"},"acf":[],"_links":{"self":[{"href":"https:\/\/www.kivikkolanelainpalvelut.fi\/en\/wp-json\/wp\/v2\/product\/422","targetHints":{"allow":["GET"]}}],"collection":[{"href":"https:\/\/www.kivikkolanelainpalvelut.fi\/en\/wp-json\/wp\/v2\/product"}],"about":[{"href":"https:\/\/www.kivikkolanelainpalvelut.fi\/en\/wp-json\/wp\/v2\/types\/product"}],"wp:featuredmedia":[{"embeddable":true,"href":"https:\/\/www.kivikkolanelainpalvelut.fi\/en\/wp-json\/wp\/v2\/media\/407"}],"wp:attachment":[{"href":"https:\/\/www.kivikkolanelainpalvelut.fi\/en\/wp-json\/wp\/v2\/media?parent=422"}],"wp:term":[{"taxonomy":"product_brand","embeddable":true,"href":"https:\/\/www.kivikkolanelainpalvelut.fi\/en\/wp-json\/wp\/v2\/product_brand?post=422"},{"taxonomy":"product_cat","embeddable":true,"href":"https:\/\/www.kivikkolanelainpalvelut.fi\/en\/wp-json\/wp\/v2\/product_cat?post=422"},{"taxonomy":"product_tag","embeddable":true,"href":"https:\/\/www.kivikkolanelainpalvelut.fi\/en\/wp-json\/wp\/v2\/product_tag?post=422"}],"curies":[{"name":"wp","href":"https:\/\/api.w.org\/{rel}","templated":true}]}}