{"id":350,"date":"2024-02-01T08:18:36","date_gmt":"2024-02-01T08:18:36","guid":{"rendered":"http:\/\/www.kivikkolanelainpalvelut.fi\/?post_type=product&#038;p=350"},"modified":"2025-05-19T08:48:12","modified_gmt":"2025-05-19T08:48:12","slug":"kavelyretki-alpakoiden-kanssa","status":"publish","type":"product","link":"https:\/\/www.kivikkolanelainpalvelut.fi\/en\/product\/kavelyretki-alpakoiden-kanssa\/","title":{"rendered":"Walking tour with alpacas"},"content":{"rendered":"<div class=\"x_elementToProof\">Let&#039;s get to know the farmed alpacas, farm them at a leisurely pace in the rural and forest landscape of the Kivikkola farm. The length of the trip is adjusted by listening to the group and the alpacas, max. 3km. After returning to the alpaca farm, we go to greet the other alpacas and feed them pieces of carrot, you can also enjoy your own snacks in the farm among the alpacas.<\/div>\n<div class=\"x_elementToProof\">Shoes and weather-appropriate clothing suitable for outdoor activities.<\/div>\n<div><\/div>\n<div>Taluttajien tulee olla yli 12-vuotiaita, nuoremmat voivat taluttaa alpakkaa yhdess\u00e4 vanhemman kanssa. Talutettavaksi l\u00e4htee 2-5 alpakkaa, isommilla ryhmill\u00e4 taluttajaa vaihdetaan puolessa v\u00e4liss\u00e4 lenkki\u00e4.<\/div>","protected":false},"excerpt":{"rendered":"<p>A peaceful walk in the company of alpacas in the rural and forest landscape of the Kivikkola farm.<\/p>","protected":false},"featured_media":1669,"template":"","meta":{"_acf_changed":false,"site-sidebar-layout":"default","site-content-layout":"","ast-site-content-layout":"default","site-content-style":"default","site-sidebar-style":"default","ast-global-header-display":"","ast-banner-title-visibility":"","ast-main-header-display":"","ast-hfb-above-header-display":"","ast-hfb-below-header-display":"","ast-hfb-mobile-header-display":"","site-post-title":"","ast-breadcrumbs-content":"","ast-featured-img":"","footer-sml-layout":"","ast-disable-related-posts":"","theme-transparent-header-meta":"default","adv-header-id-meta":"","stick-header-meta":"","header-above-stick-meta":"","header-main-stick-meta":"","header-below-stick-meta":"","astra-migrate-meta-layouts":"set","ast-page-background-enabled":"default","ast-page-background-meta":{"desktop":{"background-color":"var(--ast-global-color-4)","background-image":"","background-repeat":"repeat","background-position":"center center","background-size":"auto","background-attachment":"scroll","background-type":"","background-media":"","overlay-type":"","overlay-color":"","overlay-opacity":"","overlay-gradient":""},"tablet":{"background-color":"","background-image":"","background-repeat":"repeat","background-position":"center center","background-size":"auto","background-attachment":"scroll","background-type":"","background-media":"","overlay-type":"","overlay-color":"","overlay-opacity":"","overlay-gradient":""},"mobile":{"background-color":"","background-image":"","background-repeat":"repeat","background-position":"center center","background-size":"auto","background-attachment":"scroll","background-type":"","background-media":"","overlay-type":"","overlay-color":"","overlay-opacity":"","overlay-gradient":""}},"ast-content-background-meta":{"desktop":{"background-color":"var(--ast-global-color-5)","background-image":"","background-repeat":"repeat","background-position":"center center","background-size":"auto","background-attachment":"scroll","background-type":"","background-media":"","overlay-type":"","overlay-color":"","overlay-opacity":"","overlay-gradient":""},"tablet":{"background-color":"var(--ast-global-color-5)","background-image":"","background-repeat":"repeat","background-position":"center center","background-size":"auto","background-attachment":"scroll","background-type":"","background-media":"","overlay-type":"","overlay-color":"","overlay-opacity":"","overlay-gradient":""},"mobile":{"background-color":"var(--ast-global-color-5)","background-image":"","background-repeat":"repeat","background-position":"center center","background-size":"auto","background-attachment":"scroll","background-type":"","background-media":"","overlay-type":"","overlay-color":"","overlay-opacity":"","overlay-gradient":""}}},"product_brand":[],"product_cat":[30,22],"product_tag":[26],"class_list":{"0":"post-350","1":"product","2":"type-product","3":"status-publish","4":"has-post-thumbnail","6":"product_cat-alpakat","7":"product_cat-kaikki-palvelut","8":"product_tag-alpakat","9":"tm-has-options","10":"desktop-align-left","11":"tablet-align-left","12":"mobile-align-left","14":"first","15":"instock","16":"shipping-taxable","17":"purchasable","18":"product-type-simple"},"acf":[],"_links":{"self":[{"href":"https:\/\/www.kivikkolanelainpalvelut.fi\/en\/wp-json\/wp\/v2\/product\/350","targetHints":{"allow":["GET"]}}],"collection":[{"href":"https:\/\/www.kivikkolanelainpalvelut.fi\/en\/wp-json\/wp\/v2\/product"}],"about":[{"href":"https:\/\/www.kivikkolanelainpalvelut.fi\/en\/wp-json\/wp\/v2\/types\/product"}],"wp:featuredmedia":[{"embeddable":true,"href":"https:\/\/www.kivikkolanelainpalvelut.fi\/en\/wp-json\/wp\/v2\/media\/1669"}],"wp:attachment":[{"href":"https:\/\/www.kivikkolanelainpalvelut.fi\/en\/wp-json\/wp\/v2\/media?parent=350"}],"wp:term":[{"taxonomy":"product_brand","embeddable":true,"href":"https:\/\/www.kivikkolanelainpalvelut.fi\/en\/wp-json\/wp\/v2\/product_brand?post=350"},{"taxonomy":"product_cat","embeddable":true,"href":"https:\/\/www.kivikkolanelainpalvelut.fi\/en\/wp-json\/wp\/v2\/product_cat?post=350"},{"taxonomy":"product_tag","embeddable":true,"href":"https:\/\/www.kivikkolanelainpalvelut.fi\/en\/wp-json\/wp\/v2\/product_tag?post=350"}],"curies":[{"name":"wp","href":"https:\/\/api.w.org\/{rel}","templated":true}]}}