{"id":1712,"date":"2024-12-13T15:00:50","date_gmt":"2024-12-13T15:00:50","guid":{"rendered":"https:\/\/www.kivikkolanelainpalvelut.fi\/?post_type=product&#038;p=1712"},"modified":"2025-06-08T10:32:43","modified_gmt":"2025-06-08T10:32:43","slug":"rentouttava-hevoshetki","status":"publish","type":"product","link":"https:\/\/www.kivikkolanelainpalvelut.fi\/de\/product\/rentouttava-hevoshetki\/","title":{"rendered":"Rentouttava hevoshetki"},"content":{"rendered":"<p>Nautitaan mets\u00e4n rauhasta ja kiireett\u00f6m\u00e4st\u00e4 hetkest\u00e4 hevosen kanssa. K\u00e4yd\u00e4\u00e4n k\u00e4velyll\u00e4 Kivikkolan maalaismaisemissa hevosen kanssa maasta k\u00e4sin taluttaen. Seuraillaan hevosten k\u00e4ytt\u00e4ytymist\u00e4 laumassa, tutustutaan hevoseen ja harjoitellaan luomaan hoitaessa siihen hyv\u00e4\u00e4 suhdetta. Tutustutaan my\u00f6s ruokapalkan k\u00e4ytt\u00f6\u00f6n hevosta hoitaessa.<\/p>\n<p>&nbsp;<\/p>","protected":false},"excerpt":{"rendered":"<p>Nautitaan mets\u00e4n rauhasta ja kiireett\u00f6m\u00e4st\u00e4 hetkest\u00e4 hevosen kanssa. K\u00e4yd\u00e4\u00e4n k\u00e4velyll\u00e4 Kivikkolan maalaismaisemissa hevosta maasta k\u00e4sin taluttaen.<\/p>","protected":false},"featured_media":1365,"template":"","meta":{"_acf_changed":false,"site-sidebar-layout":"default","site-content-layout":"","ast-site-content-layout":"default","site-content-style":"default","site-sidebar-style":"default","ast-global-header-display":"","ast-banner-title-visibility":"","ast-main-header-display":"","ast-hfb-above-header-display":"","ast-hfb-below-header-display":"","ast-hfb-mobile-header-display":"","site-post-title":"","ast-breadcrumbs-content":"","ast-featured-img":"","footer-sml-layout":"","ast-disable-related-posts":"","theme-transparent-header-meta":"default","adv-header-id-meta":"","stick-header-meta":"","header-above-stick-meta":"","header-main-stick-meta":"","header-below-stick-meta":"","astra-migrate-meta-layouts":"set","ast-page-background-enabled":"default","ast-page-background-meta":{"desktop":{"background-color":"var(--ast-global-color-4)","background-image":"","background-repeat":"repeat","background-position":"center center","background-size":"auto","background-attachment":"scroll","background-type":"","background-media":"","overlay-type":"","overlay-color":"","overlay-opacity":"","overlay-gradient":""},"tablet":{"background-color":"","background-image":"","background-repeat":"repeat","background-position":"center center","background-size":"auto","background-attachment":"scroll","background-type":"","background-media":"","overlay-type":"","overlay-color":"","overlay-opacity":"","overlay-gradient":""},"mobile":{"background-color":"","background-image":"","background-repeat":"repeat","background-position":"center center","background-size":"auto","background-attachment":"scroll","background-type":"","background-media":"","overlay-type":"","overlay-color":"","overlay-opacity":"","overlay-gradient":""}},"ast-content-background-meta":{"desktop":{"background-color":"var(--ast-global-color-5)","background-image":"","background-repeat":"repeat","background-position":"center center","background-size":"auto","background-attachment":"scroll","background-type":"","background-media":"","overlay-type":"","overlay-color":"","overlay-opacity":"","overlay-gradient":""},"tablet":{"background-color":"var(--ast-global-color-5)","background-image":"","background-repeat":"repeat","background-position":"center center","background-size":"auto","background-attachment":"scroll","background-type":"","background-media":"","overlay-type":"","overlay-color":"","overlay-opacity":"","overlay-gradient":""},"mobile":{"background-color":"var(--ast-global-color-5)","background-image":"","background-repeat":"repeat","background-position":"center center","background-size":"auto","background-attachment":"scroll","background-type":"","background-media":"","overlay-type":"","overlay-color":"","overlay-opacity":"","overlay-gradient":""}}},"product_brand":[],"product_cat":[32,22],"product_tag":[],"class_list":{"0":"post-1712","1":"product","2":"type-product","3":"status-publish","4":"has-post-thumbnail","6":"product_cat-hevospalvelut","7":"product_cat-kaikki-palvelut","8":"tm-no-options","9":"desktop-align-left","10":"tablet-align-left","11":"mobile-align-left","13":"first","14":"instock","15":"shipping-taxable","16":"purchasable","17":"product-type-simple"},"acf":[],"_links":{"self":[{"href":"https:\/\/www.kivikkolanelainpalvelut.fi\/de\/wp-json\/wp\/v2\/product\/1712","targetHints":{"allow":["GET"]}}],"collection":[{"href":"https:\/\/www.kivikkolanelainpalvelut.fi\/de\/wp-json\/wp\/v2\/product"}],"about":[{"href":"https:\/\/www.kivikkolanelainpalvelut.fi\/de\/wp-json\/wp\/v2\/types\/product"}],"wp:featuredmedia":[{"embeddable":true,"href":"https:\/\/www.kivikkolanelainpalvelut.fi\/de\/wp-json\/wp\/v2\/media\/1365"}],"wp:attachment":[{"href":"https:\/\/www.kivikkolanelainpalvelut.fi\/de\/wp-json\/wp\/v2\/media?parent=1712"}],"wp:term":[{"taxonomy":"product_brand","embeddable":true,"href":"https:\/\/www.kivikkolanelainpalvelut.fi\/de\/wp-json\/wp\/v2\/product_brand?post=1712"},{"taxonomy":"product_cat","embeddable":true,"href":"https:\/\/www.kivikkolanelainpalvelut.fi\/de\/wp-json\/wp\/v2\/product_cat?post=1712"},{"taxonomy":"product_tag","embeddable":true,"href":"https:\/\/www.kivikkolanelainpalvelut.fi\/de\/wp-json\/wp\/v2\/product_tag?post=1712"}],"curies":[{"name":"wp","href":"https:\/\/api.w.org\/{rel}","templated":true}]}}